{"id":831,"date":"2023-12-21T17:54:46","date_gmt":"2023-12-21T20:54:46","guid":{"rendered":"https:\/\/impermeabilize.com.br\/blog\/?page_id=831"},"modified":"2024-11-22T18:50:53","modified_gmt":"2024-11-22T21:50:53","slug":"blog","status":"publish","type":"page","link":"https:\/\/impermeabilize.com.br\/blog\/blog\/","title":{"rendered":"Blog"},"content":{"rendered":"\t\t<div data-elementor-type=\"wp-page\" data-elementor-id=\"831\" class=\"elementor elementor-831\">\n\t\t\t\t<div class=\"elementor-element elementor-element-063c32a e-flex e-con-boxed e-con e-parent\" data-id=\"063c32a\" data-element_type=\"container\" data-e-type=\"container\">\n\t\t\t\t\t<div class=\"e-con-inner\">\n\t\t\t\t\t<\/div>\n\t\t\t\t<\/div>\n\t\t\t\t<\/div>\n\t\t","protected":false},"excerpt":{"rendered":"<p>Todos Geral Por que a Manta L\u00edquida N\u00e3o Resolve o Problema de Infiltra\u00e7\u00e3o? Quando o assunto \u00e9 impermeabiliza\u00e7\u00e3o, a.<\/p>\n","protected":false},"author":1,"featured_media":0,"parent":0,"menu_order":0,"comment_status":"closed","ping_status":"closed","template":"","meta":{"footnotes":""},"class_list":["post-831","page","type-page","status-publish","hentry"],"_links":{"self":[{"href":"https:\/\/impermeabilize.com.br\/blog\/wp-json\/wp\/v2\/pages\/831","targetHints":{"allow":["GET"]}}],"collection":[{"href":"https:\/\/impermeabilize.com.br\/blog\/wp-json\/wp\/v2\/pages"}],"about":[{"href":"https:\/\/impermeabilize.com.br\/blog\/wp-json\/wp\/v2\/types\/page"}],"author":[{"embeddable":true,"href":"https:\/\/impermeabilize.com.br\/blog\/wp-json\/wp\/v2\/users\/1"}],"replies":[{"embeddable":true,"href":"https:\/\/impermeabilize.com.br\/blog\/wp-json\/wp\/v2\/comments?post=831"}],"version-history":[{"count":19,"href":"https:\/\/impermeabilize.com.br\/blog\/wp-json\/wp\/v2\/pages\/831\/revisions"}],"predecessor-version":[{"id":906,"href":"https:\/\/impermeabilize.com.br\/blog\/wp-json\/wp\/v2\/pages\/831\/revisions\/906"}],"wp:attachment":[{"href":"https:\/\/impermeabilize.com.br\/blog\/wp-json\/wp\/v2\/media?parent=831"}],"curies":[{"name":"wp","href":"https:\/\/api.w.org\/{rel}","templated":true}]}}